{"id":113,"date":"2023-09-24T12:42:48","date_gmt":"2023-09-24T12:42:48","guid":{"rendered":"https:\/\/drkubilayorhan.com\/?page_id=113"},"modified":"2023-10-10T12:42:55","modified_gmt":"2023-10-10T09:42:55","slug":"akupunktur","status":"publish","type":"page","link":"https:\/\/drkubilayorhan.com\/index.php\/akupunktur\/","title":{"rendered":"Akupunktur"},"content":{"rendered":"<h1>OBES\u0130TE<\/h1>\n<p style=\"text-align: justify;\">Biz insanlar klasik bilgilerin pe\u015fine tak\u0131lm\u0131\u015f bir \u015feylerle sorunumuza \u00e7are bulmaya \u00e7al\u0131\u015fmaktay\u0131z. Genel olarak biliriz ki insanlar \u00e7ok yedikleri ya da az harcad\u0131klar\u0131 i\u00e7in kilo al\u0131r veya kal\u0131nla\u015f\u0131rlar ya da etraflar\u0131na ya\u011f toplanmas\u0131 olur. Bilinenin aksine insanlarda \u015fi\u015fmanl\u0131k bir y\u0131\u011f\u0131n hastal\u0131k sonucunda ve bazen de ihtiya\u00e7lara cevap vermek \u00fczere olu\u015fur.<\/p>\n<p style=\"text-align: justify;\">\u0130nsanlar ciltlerinde bir ka\u015f\u0131nt\u0131 oldu\u011funda elleri ile ka\u015f\u0131rlar. Ancak farenx dedi\u011fimiz b\u00f6lgelerinde bir ka\u015f\u0131nt\u0131 oldu\u011funda ellerini a\u011f\u0131zlar\u0131na sokup a\u011f\u0131z arka tavan\u0131n\u0131 ka\u015f\u0131yamazlar. Bu durumda bir \u015feyler yiyip i\u00e7erler ve a\u011f\u0131z arka tavan\u0131 \u00f6n\u00fcnden ge\u00e7en yiyecekler b\u00f6lgeyi ka\u015f\u0131m\u0131\u015f olur. Genellikle pis bo\u011faz tabir etti\u011fimiz insanlar b\u00f6yledir ve sert olmas\u0131 sebebiyle daha ziyade \u00e7erez t\u00fcr\u00fc yiyeceklere d\u00fc\u015fk\u00fcnd\u00fcrler.<\/p>\n<p style=\"text-align: justify;\">Mide bilindi\u011fi \u00fczere asit salg\u0131layan bir organd\u0131r ve normal \u00f6l\u00e7\u00fclerde oldu\u011fu s\u00fcrece sorun yoktur. Ancak bu ayarlamay\u0131 yapan beyin bir ba\u015fka konu ile u\u011fra\u015fmaya yo\u011fun olarak zaman ay\u0131r\u0131rsa, ayar bozulur ve fazla asit salg\u0131lamas\u0131 olur. \u0130\u015fte bu durumda mide asit taraf\u0131ndan yak\u0131lmaya ba\u015flar biz buna midenin kaz\u0131nmas\u0131 deriz ki bu durumda bir \u015feyler yemek ihtiyac\u0131 belirir. Yemek ya da yememek bu durumda elinizde de\u011fildir ya yiyip i\u00e7ecek ve midedeki asidi dil\u00fce edeceksiniz ya da mide mukozas\u0131 yanmaya devam edecek ve \u00fclser dedi\u011fimiz yaralar meydana gelecektir. Burada iradeden s\u00f6z etmek insafs\u0131zl\u0131k olacakt\u0131r. E\u011fer \u00fclser olmas\u0131na ra\u011fmen yiyip i\u00e7mez ve irade kullanmaya \u00e7al\u0131\u015f\u0131rsak, ba\u015f\u0131m\u0131za gelecek \u015fey midemizin delinmesi olacakt\u0131r. Sonu\u00e7 olarak d\u00fc\u015f\u00fcnecek olursak \u201ciradeni kullan az ye\u201d ya da \u201cyeme, i\u00e7me\u201d diyenlere, yani bu insan yemesinde midesini mi delsin? sorusunu sormay\u0131 hep istemi\u015fimdir. \u0130nce ba\u011f\u0131rsaklar v\u00fccudun al\u0131m memurlar\u0131 gibi \u00e7al\u0131\u015f\u0131rlar. \u0130htiya\u00e7lar beyin taraf\u0131ndan alg\u0131land\u0131ktan sonra ince ba\u011f\u0131rsaklara bildirilir. \u0130nce ba\u011f\u0131rsaklar i\u00e7lerine gelen maddelerden gerekti\u011fi kadar\u0131n\u0131 al\u0131rlar, fazlas\u0131n\u0131 d\u0131\u015far\u0131 atarlar. Tabii bu s\u00f6ylenen \u015fey e\u011fer dokularla beyin aras\u0131ndaki ba\u011flant\u0131lar sa\u011flamsa, beyin gelen ihtiya\u00e7lar\u0131 liste haline getirecek kadar me\u015fgul de\u011filse ve beyinle ince ba\u011f\u0131rsaklar aras\u0131nda ileti\u015fim sa\u011flamsa ve ince ba\u011f\u0131rsaklar sa\u011flamsa ger\u00e7ekle\u015fir. Ama bunlardan herhangi birisi bozuksa arzu edilen \u015fey olmaz ve ince ba\u011f\u0131rsaklar i\u00e7lerine gelen maddenin tamam\u0131n\u0131 al\u0131rlar. Bu durumda hastada \u00f6ncelikle dengesiz beslenme, hemen akabinde g\u00f6receli olarak fazla beslenme meydana gelir.<\/p>\n<p style=\"text-align: justify;\">Karaci\u011ferin beslenmedeki rol\u00fc herkes taraf\u0131ndan bilinmektedir. Kendisine gelen maddeleri genel anlamda ikiye ay\u0131r\u0131r: bunlardan bir tanesi enerji sekt\u00f6r\u00fc, di\u011feri de depo sekt\u00f6r\u00fcd\u00fcr. E\u011fer karaci\u011fer kendisine gelen maddelerden \u00e7ok az bir k\u0131sm\u0131n\u0131 depoya daha \u00e7ok k\u0131sm\u0131n\u0131 enerjiye (kullan\u0131labilir madde) ay\u0131r\u0131rsa ki\u015filerin obesite gibi bir sorunlar\u0131 olmaz ve ald\u0131klar\u0131n\u0131 yakarlar. O insanlar olduk\u00e7a enerjiktirler (\u00e7ocuklarda bu b\u00f6yledir). E\u011fer karaci\u011fer gelen maddelerin b\u00fcy\u00fck bir k\u0131sm\u0131n\u0131 depo sekt\u00f6r\u00fcne, \u00e7ok az bir k\u0131sm\u0131n\u0131 enerjiye ay\u0131r\u0131rsa obesite ka\u00e7\u0131n\u0131lmaz olur. Bu insanlar\u0131n spora y\u00f6nlendirilmeye \u00e7al\u0131\u015f\u0131lmalar\u0131n\u0131n hi\u00e7bir anlam\u0131 yoktur. Zaten \u00e7ok az enerji temin edebilen bu insanlar\u0131n spora y\u00f6nlendirilmeleri halinde zorla temin ettikleri ya\u015fam enerjileri de harcanaca\u011f\u0131 i\u00e7in yeni bir enerjiye ihtiya\u00e7 duyacaklar\u0131ndan tekrar yemeleri ka\u00e7\u0131n\u0131lmaz olur. Zannedilir ki sporla harcanan enerjiler depodan al\u0131nacak ya\u011flardan kar\u015f\u0131lan\u0131r. Bunun b\u00f6yle olmas\u0131 her zaman m\u00fcmk\u00fcn de\u011fildir. Depodan ya\u011flar\u0131n al\u0131nmas\u0131 k\u0131saca ACTH dedi\u011fimiz bir hormon arac\u0131l\u0131\u011f\u0131yla olmaktad\u0131r. E\u011fer v\u00fccutta yeterince ACTH var ise, ya\u011f depolar\u0131nda ya\u011f\u0131n \u00fct\u00fcl\u00fczasyonu m\u00fcmk\u00fcn olmaktad\u0131r. Aksi taktirde depodan ya\u011f almak m\u00fcmk\u00fcn de\u011fildir. Bu demektir ki insanlarda hormonsal denge yerinde ise depodan ya\u011f bo\u015falt\u0131labilir, aksi taktirde u\u011fra\u015fma bo\u015funad\u0131r.<\/p>\n<p style=\"text-align: justify;\">Kanda serbest \u015feker ayarlamas\u0131 beyin ve pankreas taraf\u0131ndan yap\u0131lmaktad\u0131r. Beyin kandaki serbest \u015fekerle beslenmektedir. Beyne fazla gelen \u015fekerlerin kanda bertaraf edilmesi pankreas\u0131n ens\u00fclin ens\u00fclin hormonu sayesinde olmaktad\u0131r. E\u011fer ens\u00fclin yetersizli\u011fi olursa bilindi\u011fi \u00fczere kanda \u015feker y\u00fckselmekte ve belirgin bir y\u00fckseklikteyken prekoma ve koma meydana gelmektedir. E\u011fer b\u00f6yle bir \u015fey olu\u015fursa zaman\u0131nda ens\u00fclin vermek suretiyle hastan\u0131n hayat\u0131n\u0131 kurtarmak ve komadan \u00e7ikarmak m\u00fcmk\u00fcnd\u00fcr. Bunun tam aksini d\u00fc\u015f\u00fcnecek olursak yani kanda \u015feker azl\u0131\u011f\u0131 meydana gelirse yine ayn\u0131 belirtilerle insanda prekoma ve koma geli\u015fir ve bu komadan hastay\u0131 kurtarmak m\u00fcmk\u00fcn de\u011fildir, mutlak \u00f6l\u00fcmle sonu\u00e7lan\u0131r. Bu nedenledir ki ki\u015finin kan \u015fekeri d\u00fc\u015ft\u00fc\u011f\u00fcnde mutlaka bir \u015feyler yiyerek kan \u015fekerini y\u00fckseltmesi gere\u011fi do\u011far. B\u00f6yle bir ki\u015fiye, \u201cyeme\u201d veya \u201caz ye\u201d demek hi\u00e7 bir \u015fey ifade etmeyecektir. Yeme, hatta \u00e7ok yeme durumu olu\u015facakt\u0131r. Bu durumda ba\u015fta mide i\u00e7in s\u00f6yledi\u011fimiz s\u00f6z\u00fc buraya uygulamak gerekirse yani, ki\u015fi yemesinde \u00f6ls\u00fcn m\u00fc? demek hep i\u00e7imizden ge\u00e7mi\u015ftir. Bu t\u00fcr hastalar\u0131n gecenin bir yar\u0131s\u0131nda uykular\u0131ndayken, aniden g\u00f6zleri a\u00e7\u0131lacak, mideleriyle birlikte beyinlerinin de kaz\u0131nd\u0131\u011f\u0131n\u0131 hissederek do\u011fru buzdolab\u0131n\u0131n ba\u015f\u0131na gidecekler ve yiyeceklerdir.<\/p>\n<p style=\"text-align: justify;\">Baz\u0131 obes hastalarda belirgin b\u00f6lgelerde toplanmalar g\u00f6zlenmektedir. Bunlardan en ilgin\u00e7 olan\u0131n\u0131 burada \u00f6rnek olarak anlatmak istiyorum. Ki\u015finin, alt yap\u0131s\u0131n\u0131n (kal\u00e7a ve basen b\u00f6lgesi), gayet muntazam g\u00f6r\u00fcnen \u00fcst yar\u0131s\u0131na nazaran olduk\u00e7a kal\u0131n oldu\u011fu durumlarda yapt\u0131\u011f\u0131m\u0131z incelemelerde bel b\u00f6lgesinde bozukluklar oldu\u011fu ve kal\u00e7alardan bacaklara do\u011fru inen siyatik sinirlerinin hasta oldu\u011fu g\u00f6zlenmi\u015ftir. Bu insanlar tazyik edildi\u011fi taktirde a\u00e7 kalabilirler. Yanaklar \u00e7\u00f6ker, kaburgalar tek tek herhangi bir incelme olmaz.<\/p>\n<p style=\"text-align: justify;\">Yukarda anlatmaya \u00e7al\u0131\u015ft\u0131\u011f\u0131m, \u00e7ok k\u0131sa olarak bahsetti\u011fim konular\u0131 bertaraf etmeden hastalar\u0131n zay\u0131flamalar\u0131n\u0131 sa\u011flamak ya da sa\u011flamaya \u00e7al\u0131\u015fmak m\u00fcmk\u00fcn de\u011fildir. Kilo olarak d\u00fc\u015f\u00fcr\u00fclseler bile ya\u011f h\u00fccrelerinde yeterince azalma olmayaca\u011f\u0131 i\u00e7in, verdikleri kiloyu tekrar alma e\u011filiminde olacaklard\u0131r. Bu nedenledir ki insanlar \u00f6m\u00fcrlerinin \u00e7ok uzun bir periyotlar\u0131n\u0131 diyet u\u011fra\u015f\u0131s\u0131yla ge\u00e7irmek zorunda kalmaktad\u0131rlar. Bu konuda m\u00fcracaat eden insanlarda hastal\u0131klar\u0131 tespit edilmek suretiyle tedavileri sa\u011flanmal\u0131 ve bir daha ya\u011f biriktirmesi \u00f6nlenmelidir. Halihaz\u0131rda olan ya\u011flar fiziksel veya kimyasal usullerle yok edilmelidir. Obesiteyle m\u00fcracaat eden hastalar hem kilolar\u0131ndan, hem kal\u0131nl\u0131klar\u0131ndan, hem de hastal\u0131klar\u0131ndan kurtulmal\u0131d\u0131rlar. Ki\u015fisel kanaatimiz ve uygulamalar\u0131m\u0131z bu y\u00f6nde olmaktad\u0131r.<\/p>\n<p>Uzm. Dr. Kubilay Orhan<br \/>\n\u0130stanbul &#8211; 16\/12\/2015<\/p>\n<p>&nbsp;<\/p>\n<p>&nbsp;<\/p>\n<p>YASAL UYARI: Bu WEB sitesi i\u00e7erisinde yer alan bilgiler okuyucuyu bilgilendirme ama\u00e7l\u0131 olup sa\u011fl\u0131k hizmeti niteli\u011finde de\u011fildir. Verilen bilgiler hi\u00e7bir \u015fekilde tan\u0131 ve tedavi ama\u00e7l\u0131 kullan\u0131lmamal\u0131d\u0131r. \u00c7\u00fcnk\u00fc tan\u0131 ve tedavi i\u015flemi her hasta i\u00e7in farkl\u0131l\u0131k g\u00f6sterir. Bu nedenle mutlaka bir doktor taraf\u0131ndan yap\u0131lmas\u0131 gereken son derece ciddi bir i\u015flemdir. Her t\u00fcrl\u00fc hastal\u0131k ve sair tedavi gerektiren sorunlar\u0131n\u0131z i\u00e7in l\u00fctfen doktorunuza dan\u0131\u015f\u0131n\u0131z<\/p>\n","protected":false},"excerpt":{"rendered":"<p>OBES\u0130TE Biz insanlar klasik bilgilerin pe\u015fine tak\u0131lm\u0131\u015f bir \u015feylerle sorunumuza \u00e7are bulmaya \u00e7al\u0131\u015fmaktay\u0131z. Genel olarak biliriz ki insanlar \u00e7ok yedikleri ya da az harcad\u0131klar\u0131 i\u00e7in kilo al\u0131r veya kal\u0131nla\u015f\u0131rlar ya da etraflar\u0131na ya\u011f toplanmas\u0131 olur. Bilinenin aksine insanlarda \u015fi\u015fmanl\u0131k bir y\u0131\u011f\u0131n hastal\u0131k sonucunda ve bazen de ihtiya\u00e7lara cevap vermek \u00fczere olu\u015fur. \u0130nsanlar ciltlerinde bir ka\u015f\u0131nt\u0131 &hellip; <\/p>\n<div class=\"link-more\"><a href=\"https:\/\/drkubilayorhan.com\/index.php\/akupunktur\/\" class=\"more-link\">Read More<span class=\"screen-reader-text\"> &#8220;Akupunktur&#8221;<\/span><\/a><\/div>\n","protected":false},"author":1,"featured_media":0,"parent":0,"menu_order":0,"comment_status":"closed","ping_status":"closed","template":"","meta":{"footnotes":""},"class_list":["post-113","page","type-page","status-publish","hentry"],"yoast_head":"<!-- This site is optimized with the Yoast SEO plugin v21.3 - https:\/\/yoast.com\/wordpress\/plugins\/seo\/ -->\n<title>Akupunktur -<\/title>\n<meta name=\"robots\" content=\"index, follow, max-snippet:-1, max-image-preview:large, max-video-preview:-1\" \/>\n<link rel=\"canonical\" href=\"https:\/\/drkubilayorhan.com\/index.php\/akupunktur\/\" \/>\n<meta property=\"og:locale\" content=\"tr_TR\" \/>\n<meta property=\"og:type\" content=\"article\" \/>\n<meta property=\"og:title\" content=\"Akupunktur -\" \/>\n<meta property=\"og:description\" content=\"OBES\u0130TE Biz insanlar klasik bilgilerin pe\u015fine tak\u0131lm\u0131\u015f bir \u015feylerle sorunumuza \u00e7are bulmaya \u00e7al\u0131\u015fmaktay\u0131z. Genel olarak biliriz ki insanlar \u00e7ok yedikleri ya da az harcad\u0131klar\u0131 i\u00e7in kilo al\u0131r veya kal\u0131nla\u015f\u0131rlar ya da etraflar\u0131na ya\u011f toplanmas\u0131 olur. Bilinenin aksine insanlarda \u015fi\u015fmanl\u0131k bir y\u0131\u011f\u0131n hastal\u0131k sonucunda ve bazen de ihtiya\u00e7lara cevap vermek \u00fczere olu\u015fur. \u0130nsanlar ciltlerinde bir ka\u015f\u0131nt\u0131 &hellip; Read More &quot;Akupunktur&quot;\" \/>\n<meta property=\"og:url\" content=\"https:\/\/drkubilayorhan.com\/index.php\/akupunktur\/\" \/>\n<meta property=\"article:modified_time\" content=\"2023-10-10T09:42:55+00:00\" \/>\n<meta name=\"twitter:card\" content=\"summary_large_image\" \/>\n<meta name=\"twitter:label1\" content=\"Tahmini okuma s\u00fcresi\" \/>\n\t<meta name=\"twitter:data1\" content=\"6 dakika\" \/>\n<script type=\"application\/ld+json\" class=\"yoast-schema-graph\">{\"@context\":\"https:\/\/schema.org\",\"@graph\":[{\"@type\":\"WebPage\",\"@id\":\"https:\/\/drkubilayorhan.com\/index.php\/akupunktur\/\",\"url\":\"https:\/\/drkubilayorhan.com\/index.php\/akupunktur\/\",\"name\":\"Akupunktur -\",\"isPartOf\":{\"@id\":\"https:\/\/drkubilayorhan.com\/#website\"},\"datePublished\":\"2023-09-24T12:42:48+00:00\",\"dateModified\":\"2023-10-10T09:42:55+00:00\",\"breadcrumb\":{\"@id\":\"https:\/\/drkubilayorhan.com\/index.php\/akupunktur\/#breadcrumb\"},\"inLanguage\":\"tr\",\"potentialAction\":[{\"@type\":\"ReadAction\",\"target\":[\"https:\/\/drkubilayorhan.com\/index.php\/akupunktur\/\"]}]},{\"@type\":\"BreadcrumbList\",\"@id\":\"https:\/\/drkubilayorhan.com\/index.php\/akupunktur\/#breadcrumb\",\"itemListElement\":[{\"@type\":\"ListItem\",\"position\":1,\"name\":\"Anasayfa\",\"item\":\"https:\/\/drkubilayorhan.com\/\"},{\"@type\":\"ListItem\",\"position\":2,\"name\":\"Akupunktur\"}]},{\"@type\":\"WebSite\",\"@id\":\"https:\/\/drkubilayorhan.com\/#website\",\"url\":\"https:\/\/drkubilayorhan.com\/\",\"name\":\"www.drkubilayorhan.com\",\"description\":\"\",\"publisher\":{\"@id\":\"https:\/\/drkubilayorhan.com\/#organization\"},\"potentialAction\":[{\"@type\":\"SearchAction\",\"target\":{\"@type\":\"EntryPoint\",\"urlTemplate\":\"https:\/\/drkubilayorhan.com\/?s={search_term_string}\"},\"query-input\":\"required name=search_term_string\"}],\"inLanguage\":\"tr\"},{\"@type\":\"Organization\",\"@id\":\"https:\/\/drkubilayorhan.com\/#organization\",\"name\":\"Uzm. Dr. Kubilay Orhan\",\"url\":\"https:\/\/drkubilayorhan.com\/\",\"logo\":{\"@type\":\"ImageObject\",\"inLanguage\":\"tr\",\"@id\":\"https:\/\/drkubilayorhan.com\/#\/schema\/logo\/image\/\",\"url\":\"https:\/\/drkubilayorhan.com\/wp-content\/uploads\/2023\/10\/cropped-loso-son.png\",\"contentUrl\":\"https:\/\/drkubilayorhan.com\/wp-content\/uploads\/2023\/10\/cropped-loso-son.png\",\"width\":726,\"height\":242,\"caption\":\"Uzm. Dr. Kubilay Orhan\"},\"image\":{\"@id\":\"https:\/\/drkubilayorhan.com\/#\/schema\/logo\/image\/\"}}]}<\/script>\n<!-- \/ Yoast SEO plugin. -->","yoast_head_json":{"title":"Akupunktur -","robots":{"index":"index","follow":"follow","max-snippet":"max-snippet:-1","max-image-preview":"max-image-preview:large","max-video-preview":"max-video-preview:-1"},"canonical":"https:\/\/drkubilayorhan.com\/index.php\/akupunktur\/","og_locale":"tr_TR","og_type":"article","og_title":"Akupunktur -","og_description":"OBES\u0130TE Biz insanlar klasik bilgilerin pe\u015fine tak\u0131lm\u0131\u015f bir \u015feylerle sorunumuza \u00e7are bulmaya \u00e7al\u0131\u015fmaktay\u0131z. Genel olarak biliriz ki insanlar \u00e7ok yedikleri ya da az harcad\u0131klar\u0131 i\u00e7in kilo al\u0131r veya kal\u0131nla\u015f\u0131rlar ya da etraflar\u0131na ya\u011f toplanmas\u0131 olur. Bilinenin aksine insanlarda \u015fi\u015fmanl\u0131k bir y\u0131\u011f\u0131n hastal\u0131k sonucunda ve bazen de ihtiya\u00e7lara cevap vermek \u00fczere olu\u015fur. \u0130nsanlar ciltlerinde bir ka\u015f\u0131nt\u0131 &hellip; Read More \"Akupunktur\"","og_url":"https:\/\/drkubilayorhan.com\/index.php\/akupunktur\/","article_modified_time":"2023-10-10T09:42:55+00:00","twitter_card":"summary_large_image","twitter_misc":{"Tahmini okuma s\u00fcresi":"6 dakika"},"schema":{"@context":"https:\/\/schema.org","@graph":[{"@type":"WebPage","@id":"https:\/\/drkubilayorhan.com\/index.php\/akupunktur\/","url":"https:\/\/drkubilayorhan.com\/index.php\/akupunktur\/","name":"Akupunktur -","isPartOf":{"@id":"https:\/\/drkubilayorhan.com\/#website"},"datePublished":"2023-09-24T12:42:48+00:00","dateModified":"2023-10-10T09:42:55+00:00","breadcrumb":{"@id":"https:\/\/drkubilayorhan.com\/index.php\/akupunktur\/#breadcrumb"},"inLanguage":"tr","potentialAction":[{"@type":"ReadAction","target":["https:\/\/drkubilayorhan.com\/index.php\/akupunktur\/"]}]},{"@type":"BreadcrumbList","@id":"https:\/\/drkubilayorhan.com\/index.php\/akupunktur\/#breadcrumb","itemListElement":[{"@type":"ListItem","position":1,"name":"Anasayfa","item":"https:\/\/drkubilayorhan.com\/"},{"@type":"ListItem","position":2,"name":"Akupunktur"}]},{"@type":"WebSite","@id":"https:\/\/drkubilayorhan.com\/#website","url":"https:\/\/drkubilayorhan.com\/","name":"www.drkubilayorhan.com","description":"","publisher":{"@id":"https:\/\/drkubilayorhan.com\/#organization"},"potentialAction":[{"@type":"SearchAction","target":{"@type":"EntryPoint","urlTemplate":"https:\/\/drkubilayorhan.com\/?s={search_term_string}"},"query-input":"required name=search_term_string"}],"inLanguage":"tr"},{"@type":"Organization","@id":"https:\/\/drkubilayorhan.com\/#organization","name":"Uzm. Dr. Kubilay Orhan","url":"https:\/\/drkubilayorhan.com\/","logo":{"@type":"ImageObject","inLanguage":"tr","@id":"https:\/\/drkubilayorhan.com\/#\/schema\/logo\/image\/","url":"https:\/\/drkubilayorhan.com\/wp-content\/uploads\/2023\/10\/cropped-loso-son.png","contentUrl":"https:\/\/drkubilayorhan.com\/wp-content\/uploads\/2023\/10\/cropped-loso-son.png","width":726,"height":242,"caption":"Uzm. Dr. Kubilay Orhan"},"image":{"@id":"https:\/\/drkubilayorhan.com\/#\/schema\/logo\/image\/"}}]}},"_links":{"self":[{"href":"https:\/\/drkubilayorhan.com\/index.php\/wp-json\/wp\/v2\/pages\/113","targetHints":{"allow":["GET"]}}],"collection":[{"href":"https:\/\/drkubilayorhan.com\/index.php\/wp-json\/wp\/v2\/pages"}],"about":[{"href":"https:\/\/drkubilayorhan.com\/index.php\/wp-json\/wp\/v2\/types\/page"}],"author":[{"embeddable":true,"href":"https:\/\/drkubilayorhan.com\/index.php\/wp-json\/wp\/v2\/users\/1"}],"replies":[{"embeddable":true,"href":"https:\/\/drkubilayorhan.com\/index.php\/wp-json\/wp\/v2\/comments?post=113"}],"version-history":[{"count":7,"href":"https:\/\/drkubilayorhan.com\/index.php\/wp-json\/wp\/v2\/pages\/113\/revisions"}],"predecessor-version":[{"id":233,"href":"https:\/\/drkubilayorhan.com\/index.php\/wp-json\/wp\/v2\/pages\/113\/revisions\/233"}],"wp:attachment":[{"href":"https:\/\/drkubilayorhan.com\/index.php\/wp-json\/wp\/v2\/media?parent=113"}],"curies":[{"name":"wp","href":"https:\/\/api.w.org\/{rel}","templated":true}]}}